{"id":9,"date":"2017-05-22T15:55:49","date_gmt":"2017-05-22T15:55:49","guid":{"rendered":"https:\/\/egesesiletisim.com\/?page_id=9"},"modified":"2025-04-16T09:01:46","modified_gmt":"2025-04-16T09:01:46","slug":"referanslarimiz","status":"publish","type":"page","link":"https:\/\/egesesiletisim.com\/?page_id=9","title":{"rendered":"Referanslar\u0131m\u0131z"},"content":{"rendered":"<table style=\"height: 1012px; border: 1px;\" width=\"745\">\n<tbody>\n<tr>\n<td width=\"64\"><strong>1<\/strong><\/td>\n<td colspan=\"3\" width=\"222\"><strong>L&#8217;AGORA OLD TOWN OTEL<\/strong><\/td>\n<td colspan=\"5\" width=\"320\"><strong>TELEFON SANTRALI VE KAMERA<\/strong><\/td>\n<\/tr>\n<tr>\n<td><strong>2<\/strong><\/td>\n<td colspan=\"3\"><strong>izmir devlet opera ve balesi<\/strong><\/td>\n<td colspan=\"5\"><strong>TELEFON SANTRALI<\/strong><\/td>\n<\/tr>\n<tr>\n<td><strong>3<\/strong><\/td>\n<td colspan=\"3\"><strong>\u0130ZM\u0130R FEN L\u0130SES\u0130<\/strong><\/td>\n<td colspan=\"5\"><strong>TELEFON SANTRALI VE KAMERA<\/strong><\/td>\n<\/tr>\n<tr>\n<td><strong>4<\/strong><\/td>\n<td colspan=\"3\"><strong>REPAR<\/strong><\/td>\n<td colspan=\"5\"><strong>TELEFON SANTRALI<\/strong><\/td>\n<\/tr>\n<tr>\n<td><strong>5<\/strong><\/td>\n<td colspan=\"3\"><strong>AYDIN TRAFO<\/strong><\/td>\n<td colspan=\"5\"><strong>TELEFON SANTRALI<\/strong><\/td>\n<\/tr>\n<tr>\n<td><strong>6<\/strong><\/td>\n<td colspan=\"3\"><strong>DEVLET SU \u0130\u015eLER\u0130<\/strong><\/td>\n<td colspan=\"5\"><strong>TELEFON SANTRALI<\/strong><\/td>\n<\/tr>\n<tr>\n<td><strong>7<\/strong><\/td>\n<td colspan=\"3\"><strong>A \u00c7\u0130V\u0130 \u0130ZOLASYON<\/strong><\/td>\n<td colspan=\"5\"><strong>TELEFON SANTRALI<\/strong><\/td>\n<\/tr>\n<tr>\n<td><strong>8<\/strong><\/td>\n<td colspan=\"3\"><strong>\u00d6ZCAN DEM\u0130R<\/strong><\/td>\n<td colspan=\"5\"><strong>TELEFON SANTRALI<\/strong><\/td>\n<\/tr>\n<tr>\n<td><strong>9<\/strong><\/td>\n<td colspan=\"3\"><strong>EGES\u0130M<\/strong><\/td>\n<td colspan=\"5\"><strong>TELEFON SANTRALI<\/strong><\/td>\n<\/tr>\n<tr>\n<td><strong>10<\/strong><\/td>\n<td colspan=\"3\"><strong>MEYTES<\/strong><\/td>\n<td colspan=\"5\"><strong>TELEFON SANTRALI<\/strong><\/td>\n<\/tr>\n<tr>\n<td><strong>11<\/strong><\/td>\n<td colspan=\"3\"><strong>EGEDEN\u0130Z TEKST\u0130L<\/strong><\/td>\n<td colspan=\"5\"><strong>TELEFON SANTRALI<\/strong><\/td>\n<\/tr>\n<tr>\n<td><strong>12<\/strong><\/td>\n<td colspan=\"3\"><strong>ALKIN KOMPRES\u00d6R<\/strong><\/td>\n<td colspan=\"5\"><strong>TELEFON SANTRALI<\/strong><\/td>\n<\/tr>\n<tr>\n<td><strong>13<\/strong><\/td>\n<td colspan=\"3\"><strong>L\u0130BAS<\/strong><\/td>\n<td colspan=\"5\"><strong>TELEFON SANTRALI<\/strong><\/td>\n<\/tr>\n<tr>\n<td><strong>14<\/strong><\/td>\n<td colspan=\"3\"><strong>FO\u00c7A BELED\u0130YE<\/strong><\/td>\n<td colspan=\"5\"><strong>TELEFON SANTRALI<\/strong><\/td>\n<\/tr>\n<tr>\n<td><strong>15<\/strong><\/td>\n<td colspan=\"3\"><strong>AL\u0130A\u011eA BELED\u0130YE<\/strong><\/td>\n<td colspan=\"5\"><strong>TELEFON SANTRALI<\/strong><\/td>\n<\/tr>\n<tr>\n<td><strong>16<\/strong><\/td>\n<td colspan=\"3\"><strong>KADIO\u011eLU TARIM<\/strong><\/td>\n<td colspan=\"5\"><strong>TELEFON SANTRALI<\/strong><\/td>\n<\/tr>\n<tr>\n<td><strong>17<\/strong><\/td>\n<td colspan=\"3\"><strong>TEZCAN KOLLEKT\u0130F<\/strong><\/td>\n<td colspan=\"5\"><strong>TELEFON SANTRALI<\/strong><\/td>\n<\/tr>\n<tr>\n<td><strong>18<\/strong><\/td>\n<td colspan=\"3\"><strong>ZEYN AYAKKABI<\/strong><\/td>\n<td colspan=\"5\"><strong>TELEFON SANTRALI<\/strong><\/td>\n<\/tr>\n<tr>\n<td><strong>19<\/strong><\/td>\n<td colspan=\"3\"><strong>BOYOZCUM<\/strong><\/td>\n<td colspan=\"5\"><strong>TELEFON SANTRALI VE KAMERA<\/strong><\/td>\n<\/tr>\n<tr>\n<td><strong>20<\/strong><\/td>\n<td colspan=\"3\"><strong>GRI S\u0130GORTA<\/strong><\/td>\n<td colspan=\"5\"><strong>YAPISAL KABLOLAMA VE KAMERA<\/strong><\/td>\n<\/tr>\n<tr>\n<td><strong>21<\/strong><\/td>\n<td colspan=\"3\"><strong>BASIN YAYIN VE ENFORMASYON<\/strong><\/td>\n<td colspan=\"5\"><strong>TELEFON SANTRALI<\/strong><\/td>\n<\/tr>\n<tr>\n<td><strong>22<\/strong><\/td>\n<td colspan=\"3\"><strong>TAT GIDA<\/strong><\/td>\n<td colspan=\"5\"><strong>TELEFON SANTRALI<\/strong><\/td>\n<\/tr>\n<tr>\n<td><strong>23<\/strong><\/td>\n<td colspan=\"3\"><strong>CMA CGM DEN\u0130Z ACENTEL\u0130\u011e\u0130<\/strong><\/td>\n<td colspan=\"5\"><strong>TELEFON SANTRALI<\/strong><\/td>\n<\/tr>\n<tr>\n<td><strong>24<\/strong><\/td>\n<td colspan=\"3\"><strong>CAN G\u00dcMR\u00dcK M\u00dc\u015eAV\u0130RL\u0130\u011e\u0130<\/strong><\/td>\n<td colspan=\"5\"><strong>TELEFON SANTRALI<\/strong><\/td>\n<\/tr>\n<tr>\n<td><strong>25<\/strong><\/td>\n<td colspan=\"3\"><strong>\u0130LK \u0130N\u015eAAT<\/strong><\/td>\n<td colspan=\"5\"><strong>TELEFON SANTRALI<\/strong><\/td>\n<\/tr>\n<tr>\n<td><strong>26<\/strong><\/td>\n<td colspan=\"3\"><strong>PLANET YAZILIM<\/strong><\/td>\n<td colspan=\"5\"><strong>TELEFON SANTRALI<\/strong><\/td>\n<\/tr>\n<tr>\n<td><strong>27<\/strong><\/td>\n<td colspan=\"3\"><strong>ARSPET<\/strong><\/td>\n<td colspan=\"5\"><strong>TELEFON SANTRALI<\/strong><\/td>\n<\/tr>\n<tr>\n<td><strong>28<\/strong><\/td>\n<td colspan=\"3\"><strong>AVANGART KURUTMA TEK.<\/strong><\/td>\n<td colspan=\"5\"><strong>TELEFON SANTRALI<\/strong><\/td>\n<\/tr>\n<tr>\n<td><strong>29<\/strong><\/td>\n<td colspan=\"3\"><strong>\u0130ZM\u0130R DEVLET T\u00dcRK D\u00dcNYASI<\/strong><\/td>\n<td colspan=\"5\"><strong>TELEFON SANTRALI<\/strong><\/td>\n<\/tr>\n<tr>\n<td><strong>30<\/strong><\/td>\n<td colspan=\"3\"><strong>\u0130KSA\u015e \u0130ZM\u0130R K\u0130RE\u00c7<\/strong><\/td>\n<td colspan=\"5\"><strong>TELEFON SANTRALI<\/strong><\/td>\n<\/tr>\n<tr>\n<td><strong>31<\/strong><\/td>\n<td colspan=\"3\"><strong>BEREKET S\u0130GORTA<\/strong><\/td>\n<td colspan=\"5\"><strong>TELEFON SANTRALI<\/strong><\/td>\n<\/tr>\n<tr>\n<td><strong>32<\/strong><\/td>\n<td colspan=\"3\"><strong>ERCAN AKSESUAR<\/strong><\/td>\n<td colspan=\"5\"><strong>TELEFON SANTRALI VE KAMERA<\/strong><\/td>\n<\/tr>\n<\/tbody>\n<\/table>\n<p>&nbsp;<\/p>\n","protected":false},"excerpt":{"rendered":"<div class=\"mh-excerpt\"><p>1 L&#8217;AGORA OLD TOWN OTEL TELEFON SANTRALI VE KAMERA 2 izmir devlet opera ve balesi TELEFON SANTRALI 3 \u0130ZM\u0130R FEN L\u0130SES\u0130 TELEFON SANTRALI VE KAMERA <a class=\"mh-excerpt-more\" href=\"https:\/\/egesesiletisim.com\/?page_id=9\" title=\"Referanslar\u0131m\u0131z\">[&#8230;]<\/a><\/p>\n<\/div>","protected":false},"author":1,"featured_media":0,"parent":0,"menu_order":0,"comment_status":"closed","ping_status":"closed","template":"","meta":{"footnotes":""},"class_list":["post-9","page","type-page","status-publish","hentry"],"aioseo_notices":[],"_links":{"self":[{"href":"https:\/\/egesesiletisim.com\/index.php?rest_route=\/wp\/v2\/pages\/9","targetHints":{"allow":["GET"]}}],"collection":[{"href":"https:\/\/egesesiletisim.com\/index.php?rest_route=\/wp\/v2\/pages"}],"about":[{"href":"https:\/\/egesesiletisim.com\/index.php?rest_route=\/wp\/v2\/types\/page"}],"author":[{"embeddable":true,"href":"https:\/\/egesesiletisim.com\/index.php?rest_route=\/wp\/v2\/users\/1"}],"replies":[{"embeddable":true,"href":"https:\/\/egesesiletisim.com\/index.php?rest_route=%2Fwp%2Fv2%2Fcomments&post=9"}],"version-history":[{"count":5,"href":"https:\/\/egesesiletisim.com\/index.php?rest_route=\/wp\/v2\/pages\/9\/revisions"}],"predecessor-version":[{"id":308,"href":"https:\/\/egesesiletisim.com\/index.php?rest_route=\/wp\/v2\/pages\/9\/revisions\/308"}],"wp:attachment":[{"href":"https:\/\/egesesiletisim.com\/index.php?rest_route=%2Fwp%2Fv2%2Fmedia&parent=9"}],"curies":[{"name":"wp","href":"https:\/\/api.w.org\/{rel}","templated":true}]}}