{"id":7,"date":"2017-05-22T15:55:31","date_gmt":"2017-05-22T15:55:31","guid":{"rendered":"https:\/\/egesesiletisim.com\/?page_id=7"},"modified":"2018-07-07T01:16:41","modified_gmt":"2018-07-07T01:16:41","slug":"hakkimizda","status":"publish","type":"page","link":"https:\/\/egesesiletisim.com\/?page_id=7","title":{"rendered":"Hakk\u0131m\u0131zda"},"content":{"rendered":"<p><img loading=\"lazy\" decoding=\"async\" class=\"alignnone size-medium wp-image-86 aligncenter\" src=\"https:\/\/egesesiletisim.com\/wp-content\/uploads\/2017\/05\/networking-300x174.png\" alt=\"\" width=\"300\" height=\"174\" srcset=\"https:\/\/egesesiletisim.com\/wp-content\/uploads\/2017\/05\/networking-300x174.png 300w, https:\/\/egesesiletisim.com\/wp-content\/uploads\/2017\/05\/networking-768x446.png 768w, https:\/\/egesesiletisim.com\/wp-content\/uploads\/2017\/05\/networking-1024x594.png 1024w, https:\/\/egesesiletisim.com\/wp-content\/uploads\/2017\/05\/networking-640x372.png 640w, https:\/\/egesesiletisim.com\/wp-content\/uploads\/2017\/05\/networking-940x546.png 940w, https:\/\/egesesiletisim.com\/wp-content\/uploads\/2017\/05\/networking.png 1049w\" sizes=\"auto, (max-width: 300px) 100vw, 300px\" \/><\/p>\n<p>Firmam\u0131z 2010 y\u0131l\u0131nda kurulmu\u015ftur.15 y\u0131ll\u0131k bilgi birikimi ve tecr\u00fcbemizle sizlere teknolojik altyap\u0131m\u0131zla en iyi hizmetleri vermektedir.Telefon santral\u0131 sat\u0131\u015f montaj ve sat\u0131\u015f sonras\u0131 destekle sizlere en iyi hizmeti sunmak ba\u015fl\u0131ca g\u00f6revimizdir. G\u00fcvenlik sistemi \u00e7\u00f6z\u00fcmleri kamera sat\u0131\u015f ve montaj\u0131 ayr\u0131ca data alt yap\u0131s\u0131 kablolama kablo sonland\u0131rma ve kabinet kurulumu i\u015flerimizle sizlerin hizmetinizdeyiz.<\/p>\n<p>Hizmet ve \u00dcr\u00fcnlerimiz;<\/p>\n<p>[postlist id=48]<\/p>\n<p>Bizimle ileti\u015fim kurmak i\u00e7in <a href=\"https:\/\/egesesiletisim.com\/iletisim\">t\u0131klay\u0131n<\/a><\/p>\n","protected":false},"excerpt":{"rendered":"<div class=\"mh-excerpt\"><p>Firmam\u0131z 2010 y\u0131l\u0131nda kurulmu\u015ftur.15 y\u0131ll\u0131k bilgi birikimi ve tecr\u00fcbemizle sizlere teknolojik altyap\u0131m\u0131zla en iyi hizmetleri vermektedir.Telefon santral\u0131 sat\u0131\u015f montaj ve sat\u0131\u015f sonras\u0131 destekle sizlere en <a class=\"mh-excerpt-more\" href=\"https:\/\/egesesiletisim.com\/?page_id=7\" title=\"Hakk\u0131m\u0131zda\">[&#8230;]<\/a><\/p>\n<\/div>","protected":false},"author":1,"featured_media":0,"parent":0,"menu_order":0,"comment_status":"closed","ping_status":"closed","template":"","meta":{"footnotes":""},"class_list":["post-7","page","type-page","status-publish","hentry"],"aioseo_notices":[],"_links":{"self":[{"href":"https:\/\/egesesiletisim.com\/index.php?rest_route=\/wp\/v2\/pages\/7","targetHints":{"allow":["GET"]}}],"collection":[{"href":"https:\/\/egesesiletisim.com\/index.php?rest_route=\/wp\/v2\/pages"}],"about":[{"href":"https:\/\/egesesiletisim.com\/index.php?rest_route=\/wp\/v2\/types\/page"}],"author":[{"embeddable":true,"href":"https:\/\/egesesiletisim.com\/index.php?rest_route=\/wp\/v2\/users\/1"}],"replies":[{"embeddable":true,"href":"https:\/\/egesesiletisim.com\/index.php?rest_route=%2Fwp%2Fv2%2Fcomments&post=7"}],"version-history":[{"count":0,"href":"https:\/\/egesesiletisim.com\/index.php?rest_route=\/wp\/v2\/pages\/7\/revisions"}],"wp:attachment":[{"href":"https:\/\/egesesiletisim.com\/index.php?rest_route=%2Fwp%2Fv2%2Fmedia&parent=7"}],"curies":[{"name":"wp","href":"https:\/\/api.w.org\/{rel}","templated":true}]}}